{"id":15880,"date":"2016-04-23T20:15:39","date_gmt":"2016-04-23T20:15:39","guid":{"rendered":"http:\/\/forestfood.rs\/?page_id=15880"},"modified":"2019-02-10T20:34:31","modified_gmt":"2019-02-10T20:34:31","slug":"home","status":"publish","type":"page","link":"http:\/\/forestfood.rs\/","title":{"rendered":"UKUS DOMA\u0106EG"},"content":{"rendered":"<p>Forest food je kompanija nastala 2006. godine iz potrebe da se na\u0161em i inostranom tr\u017ei\u0161tu ponude proizvodi koji nude spoj tradicije, doma\u0107ih ukusa sa na\u0161ih najboljih planta\u017ea i pakovanja koja plene pa\u017enju i krase svaku kuhinju.<\/p>\n<p>Osnovna delatnost kompanije je otkup, dorada, prerada, priprema za izvoz i izvoz vo\u0107a i pe\u010duraka.<\/p>\n<p>Forest Food d.o.o. poseduje sertifikate kvaliteta HACCP, ISO 9001 i ORGANIC.<\/p>\n<div id='gallery-1' class='gallery galleryid-15880 gallery-columns-2 gallery-size-medium'><figure class='gallery-item'>\n\t\t\t<div class='gallery-icon portrait'>\n\t\t\t\t<a href='http:\/\/forestfood.rs\/wp-content\/uploads\/2019\/02\/w_NOP.jpg'><img width=\"204\" height=\"300\" src=\"http:\/\/forestfood.rs\/wp-content\/uploads\/2019\/02\/w_NOP-204x300.jpg\" class=\"attachment-medium size-medium\" alt=\"\" loading=\"lazy\" srcset=\"http:\/\/forestfood.rs\/wp-content\/uploads\/2019\/02\/w_NOP-204x300.jpg 204w, http:\/\/forestfood.rs\/wp-content\/uploads\/2019\/02\/w_NOP-768x1132.jpg 768w, http:\/\/forestfood.rs\/wp-content\/uploads\/2019\/02\/w_NOP-695x1024.jpg 695w, http:\/\/forestfood.rs\/wp-content\/uploads\/2019\/02\/w_NOP.jpg 1200w\" sizes=\"100vw\" \/><\/a>\n\t\t\t<\/div><\/figure><figure class='gallery-item'>\n\t\t\t<div class='gallery-icon portrait'>\n\t\t\t\t<a href='http:\/\/forestfood.rs\/wp-content\/uploads\/2019\/02\/w_EU.jpg'><img width=\"206\" height=\"300\" src=\"http:\/\/forestfood.rs\/wp-content\/uploads\/2019\/02\/w_EU-206x300.jpg\" class=\"attachment-medium size-medium\" alt=\"\" loading=\"lazy\" srcset=\"http:\/\/forestfood.rs\/wp-content\/uploads\/2019\/02\/w_EU-206x300.jpg 206w, http:\/\/forestfood.rs\/wp-content\/uploads\/2019\/02\/w_EU-768x1116.jpg 768w, http:\/\/forestfood.rs\/wp-content\/uploads\/2019\/02\/w_EU-705x1024.jpg 705w, http:\/\/forestfood.rs\/wp-content\/uploads\/2019\/02\/w_EU.jpg 1200w\" sizes=\"100vw\" \/><\/a>\n\t\t\t<\/div><\/figure><figure class='gallery-item'>\n\t\t\t<div class='gallery-icon portrait'>\n\t\t\t\t<a href='http:\/\/forestfood.rs\/wp-content\/uploads\/2019\/02\/w_CERTISO9001FORESTFOOD1.jpg'><img width=\"212\" height=\"300\" src=\"http:\/\/forestfood.rs\/wp-content\/uploads\/2019\/02\/w_CERTISO9001FORESTFOOD1-212x300.jpg\" class=\"attachment-medium size-medium\" alt=\"\" loading=\"lazy\" srcset=\"http:\/\/forestfood.rs\/wp-content\/uploads\/2019\/02\/w_CERTISO9001FORESTFOOD1-212x300.jpg 212w, http:\/\/forestfood.rs\/wp-content\/uploads\/2019\/02\/w_CERTISO9001FORESTFOOD1-768x1086.jpg 768w, http:\/\/forestfood.rs\/wp-content\/uploads\/2019\/02\/w_CERTISO9001FORESTFOOD1-724x1024.jpg 724w, http:\/\/forestfood.rs\/wp-content\/uploads\/2019\/02\/w_CERTISO9001FORESTFOOD1.jpg 1200w\" sizes=\"100vw\" \/><\/a>\n\t\t\t<\/div><\/figure><figure class='gallery-item'>\n\t\t\t<div class='gallery-icon portrait'>\n\t\t\t\t<a href='http:\/\/forestfood.rs\/wp-content\/uploads\/2019\/02\/w_CERTHACCPFORESTFOOD2.jpg'><img width=\"212\" height=\"300\" src=\"http:\/\/forestfood.rs\/wp-content\/uploads\/2019\/02\/w_CERTHACCPFORESTFOOD2-212x300.jpg\" class=\"attachment-medium size-medium\" alt=\"\" loading=\"lazy\" srcset=\"http:\/\/forestfood.rs\/wp-content\/uploads\/2019\/02\/w_CERTHACCPFORESTFOOD2-212x300.jpg 212w, http:\/\/forestfood.rs\/wp-content\/uploads\/2019\/02\/w_CERTHACCPFORESTFOOD2-768x1086.jpg 768w, http:\/\/forestfood.rs\/wp-content\/uploads\/2019\/02\/w_CERTHACCPFORESTFOOD2-724x1024.jpg 724w, http:\/\/forestfood.rs\/wp-content\/uploads\/2019\/02\/w_CERTHACCPFORESTFOOD2.jpg 1200w\" sizes=\"100vw\" \/><\/a>\n\t\t\t<\/div><\/figure>\n\t\t<\/div>\n\n","protected":false},"excerpt":{"rendered":"<p>Forest food je kompanija nastala 2006. godine iz potrebe da se na\u0161em i inostranom tr\u017ei\u0161tu ponude proizvodi koji nude spoj tradicije, doma\u0107ih ukusa sa na\u0161ih najboljih planta\u017ea i pakovanja koja plene pa\u017enju i krase svaku kuhinju. Osnovna delatnost kompanije je otkup, dorada, prerada, priprema za izvoz i izvoz vo\u0107a i pe\u010duraka. Forest Food d.o.o. poseduje &hellip; <\/p>\n<p class=\"link-more\"><a href=\"http:\/\/forestfood.rs\/\" class=\"more-link\">Continue reading<span class=\"screen-reader-text\"> &#8220;UKUS DOMA\u0106EG&#8221;<\/span><\/a><\/p>\n","protected":false},"author":1,"featured_media":0,"parent":0,"menu_order":0,"comment_status":"closed","ping_status":"closed","template":"","meta":[],"_links":{"self":[{"href":"http:\/\/forestfood.rs\/index.php?rest_route=\/wp\/v2\/pages\/15880"}],"collection":[{"href":"http:\/\/forestfood.rs\/index.php?rest_route=\/wp\/v2\/pages"}],"about":[{"href":"http:\/\/forestfood.rs\/index.php?rest_route=\/wp\/v2\/types\/page"}],"author":[{"embeddable":true,"href":"http:\/\/forestfood.rs\/index.php?rest_route=\/wp\/v2\/users\/1"}],"replies":[{"embeddable":true,"href":"http:\/\/forestfood.rs\/index.php?rest_route=%2Fwp%2Fv2%2Fcomments&post=15880"}],"version-history":[{"count":6,"href":"http:\/\/forestfood.rs\/index.php?rest_route=\/wp\/v2\/pages\/15880\/revisions"}],"predecessor-version":[{"id":16023,"href":"http:\/\/forestfood.rs\/index.php?rest_route=\/wp\/v2\/pages\/15880\/revisions\/16023"}],"wp:attachment":[{"href":"http:\/\/forestfood.rs\/index.php?rest_route=%2Fwp%2Fv2%2Fmedia&parent=15880"}],"curies":[{"name":"wp","href":"https:\/\/api.w.org\/{rel}","templated":true}]}}